{"id":2050,"date":"2026-02-28T01:30:59","date_gmt":"2026-02-28T01:30:59","guid":{"rendered":"https:\/\/reparationvip.com\/?page_id=2050"},"modified":"2026-02-28T02:11:26","modified_gmt":"2026-02-28T02:11:26","slug":"services","status":"publish","type":"page","link":"https:\/\/reparationvip.com\/fr\/services\/","title":{"rendered":"Appliance Repair Services in Montreal"},"content":{"rendered":"<p>We offer fast, affordable appliance repair across Montreal. Our certified technicians fix all major home appliances \u2014 same day when possible.<\/p>\n\n\n\n<p>&#8211;<a href=\"https:\/\/reparationvip.com\/fr\/home-2\/appliance-repair-services\/dishwasher-repair\/\"> R\u00e9paration de lave-vaisselle <\/a><\/p>\n\n\n\n<p>&#8211;<a href=\"https:\/\/reparationvip.com\/fr\/home-2\/appliance-repair-services\/freezer-repair\/\"> R\u00e9paration des cong\u00e9lateurs<\/a><\/p>\n\n\n\n<p>&#8211; <a href=\"https:\/\/reparationvip.com\/fr\/home-2\/appliance-repair-services\/refrigerator-repair\/\">R\u00e9paration du r\u00e9frig\u00e9rateur<\/a><\/p>\n\n\n\n<p>&#8211; <a href=\"https:\/\/reparationvip.com\/fr\/home-2\/appliance-repair-services\/stove-repair\/\">R\u00e9paration  des cuisini\u00e8res<\/a><\/p>\n\n\n\n<p>&#8211; <a href=\"https:\/\/reparationvip.com\/fr\/home-2\/appliance-repair-services\/washer-repair\/\">R\u00e9paration de laveuse<\/a><\/p>\n\n\n\n<p><\/p>","protected":false},"excerpt":{"rendered":"<p>We offer fast, affordable appliance repair across Montreal. Our certified technicians fix all major home appliances \u2014 same day when [&hellip;]<\/p>\n","protected":false},"author":1,"featured_media":0,"parent":0,"menu_order":0,"comment_status":"closed","ping_status":"closed","template":"","meta":{"site-sidebar-layout":"default","site-content-layout":"","ast-site-content-layout":"default","site-content-style":"default","site-sidebar-style":"default","ast-global-header-display":"","ast-banner-title-visibility":"","ast-main-header-display":"","ast-hfb-above-header-display":"","ast-hfb-below-header-display":"","ast-hfb-mobile-header-display":"","site-post-title":"","ast-breadcrumbs-content":"","ast-featured-img":"","footer-sml-layout":"","ast-disable-related-posts":"","theme-transparent-header-meta":"","adv-header-id-meta":"","stick-header-meta":"","header-above-stick-meta":"","header-main-stick-meta":"","header-below-stick-meta":"","astra-migrate-meta-layouts":"default","ast-page-background-enabled":"default","ast-page-background-meta":{"desktop":{"background-color":"var(--ast-global-color-5)","background-image":"","background-repeat":"repeat","background-position":"center center","background-size":"auto","background-attachment":"scroll","background-type":"","background-media":"","overlay-type":"","overlay-color":"","overlay-opacity":"","overlay-gradient":""},"tablet":{"background-color":"","background-image":"","background-repeat":"repeat","background-position":"center center","background-size":"auto","background-attachment":"scroll","background-type":"","background-media":"","overlay-type":"","overlay-color":"","overlay-opacity":"","overlay-gradient":""},"mobile":{"background-color":"","background-image":"","background-repeat":"repeat","background-position":"center center","background-size":"auto","background-attachment":"scroll","background-type":"","background-media":"","overlay-type":"","overlay-color":"","overlay-opacity":"","overlay-gradient":""}},"ast-content-background-meta":{"desktop":{"background-color":"var(--ast-global-color-4)","background-image":"","background-repeat":"repeat","background-position":"center center","background-size":"auto","background-attachment":"scroll","background-type":"","background-media":"","overlay-type":"","overlay-color":"","overlay-opacity":"","overlay-gradient":""},"tablet":{"background-color":"var(--ast-global-color-4)","background-image":"","background-repeat":"repeat","background-position":"center center","background-size":"auto","background-attachment":"scroll","background-type":"","background-media":"","overlay-type":"","overlay-color":"","overlay-opacity":"","overlay-gradient":""},"mobile":{"background-color":"var(--ast-global-color-4)","background-image":"","background-repeat":"repeat","background-position":"center center","background-size":"auto","background-attachment":"scroll","background-type":"","background-media":"","overlay-type":"","overlay-color":"","overlay-opacity":"","overlay-gradient":""}},"two_page_speed":[],"footnotes":""},"class_list":["post-2050","page","type-page","status-publish","hentry"],"rttpg_featured_image_url":null,"rttpg_author":{"display_name":"Radu R.","author_link":"https:\/\/reparationvip.com\/fr\/author\/radu2010\/"},"rttpg_comment":0,"rttpg_category":null,"rttpg_excerpt":"We offer fast, affordable appliance repair across Montreal. Our certified technicians fix all major home appliances \u2014 same day when [&hellip;]","_links":{"self":[{"href":"https:\/\/reparationvip.com\/fr\/wp-json\/wp\/v2\/pages\/2050","targetHints":{"allow":["GET"]}}],"collection":[{"href":"https:\/\/reparationvip.com\/fr\/wp-json\/wp\/v2\/pages"}],"about":[{"href":"https:\/\/reparationvip.com\/fr\/wp-json\/wp\/v2\/types\/page"}],"author":[{"embeddable":true,"href":"https:\/\/reparationvip.com\/fr\/wp-json\/wp\/v2\/users\/1"}],"replies":[{"embeddable":true,"href":"https:\/\/reparationvip.com\/fr\/wp-json\/wp\/v2\/comments?post=2050"}],"version-history":[{"count":8,"href":"https:\/\/reparationvip.com\/fr\/wp-json\/wp\/v2\/pages\/2050\/revisions"}],"predecessor-version":[{"id":2059,"href":"https:\/\/reparationvip.com\/fr\/wp-json\/wp\/v2\/pages\/2050\/revisions\/2059"}],"wp:attachment":[{"href":"https:\/\/reparationvip.com\/fr\/wp-json\/wp\/v2\/media?parent=2050"}],"curies":[{"name":"wp","href":"https:\/\/api.w.org\/{rel}","templated":true}]}}